{"id":7,"date":"2025-08-20T17:40:32","date_gmt":"2025-08-20T17:40:32","guid":{"rendered":"https:\/\/misfotos.manuelmolinafotografo.com\/index.php\/galerias-privadas\/cuenta\/"},"modified":"2025-08-20T17:40:32","modified_gmt":"2025-08-20T17:40:32","slug":"cuenta","status":"publish","type":"page","link":"https:\/\/misfotos.manuelmolinafotografo.com\/index.php\/galerias-privadas\/cuenta\/","title":{"rendered":"Cuenta"},"content":{"rendered":"<div id=\"sunshine--account--login-signup\">\n\n\t\n\t<div id=\"sunshine--account--login\">\n\t\t<div id=\"sunshine--account--login-form\">\n\n\t\n\t<div class=\"sunshine--account--login--title sunshine--modal--title\">Iniciar sesi\u00f3n<\/div>\n\n\t<form method=\"post\" action=\"\" class=\"sunshine--form--fields\">\n\t\t<input type=\"hidden\" id=\"sunshine_login\" name=\"sunshine_login\" value=\"23d5db3412\" \/><input type=\"hidden\" name=\"_wp_http_referer\" value=\"\/index.php\/wp-json\/wp\/v2\/pages\/7\" \/>\t\t<div class=\"sunshine--form--field\">\n\t\t\t<label for=\"sunshine-login-email\">Direcci\u00f3n de correo electr\u00f3nico<\/label>\n\t\t\t<input type=\"email\" name=\"sunshine_login_email\" id=\"sunshine-login-email\" required=\"required\" \/>\n\t\t<\/div>\n\t\t<div class=\"sunshine--form--field\">\n\t\t\t<label for=\"sunshine-login-password\">Contrase\u00f1a<\/label>\n\t\t\t<input type=\"password\" name=\"sunshine_login_password\" id=\"sunshine-login-password\" required=\"required\" \/>\n\t\t<\/div>\n\t\t<div class=\"sunshine--form--field sunshine--form--field-submit\">\n\t\t\t<button type=\"submit\" class=\"button sunshine--button\">Iniciar sesi\u00f3n<\/button>\n\t\t\t<div class=\"sunshine--form--field--desc sunshine--account--reset-password-toggle\"><a href=\"#password\" onclick=\"jQuery( '#sunshine--account--login-form, #sunshine--account--reset-password-form' ).toggle(); return false;\">\u00bfContrase\u00f1a perdida?<\/a><\/div>\n\t\t<\/div>\n\t\t\t<\/form>\n\n<\/div>\n\n<div id=\"sunshine--account--reset-password-form\" style=\"display: none;\">\n\t<div class=\"sunshine--account--login--title sunshine--modal--title\">Restablecer contrase\u00f1a<\/div>\n\t<form method=\"post\" action=\"\" class=\"sunshine--form--fields\">\n\t\t<input type=\"hidden\" id=\"sunshine_reset_password_nonce\" name=\"sunshine_reset_password_nonce\" value=\"8ac804b2d2\" \/><input type=\"hidden\" name=\"_wp_http_referer\" value=\"\/index.php\/wp-json\/wp\/v2\/pages\/7\" \/>\t\t<div class=\"sunshine--form--field\">\n\t\t\t<label for=\"sunshine-reset-password-email\">Direcci\u00f3n de correo electr\u00f3nico<\/label>\n\t\t\t<input type=\"email\" name=\"sunshine_reset_password_email\" id=\"sunshine-reset-password-email\" required=\"required\" autocomplete=\"email\" \/>\n\t\t\t<div class=\"sunshine--form--field--desc\">Se le enviar\u00e1 un correo electr\u00f3nico a esta direcci\u00f3n con instrucciones para restablecer su contrase\u00f1a<\/div>\n\t\t<\/div>\n\t\t<div class=\"sunshine--form--field sunshine--form--field-submit\">\n\t\t\t<button type=\"submit\" class=\"button sunshine--button\">Obtener nueva contrase\u00f1a<\/button>\n\t\t\t<div class=\"sunshine--form--field--desc sunshine--account--reset-password-toggle\"><a href=\"#password\" onclick=\"jQuery( '#sunshine--account--login-form, #sunshine--account--reset-password-form' ).toggle(); return false;\">\u00danete ahora<\/a><\/div>\n\t\t<\/div>\n\t<\/form>\n<\/div>\n\t<\/div>\n\n\t\t<div id=\"sunshine--account--signup\">\n\t\t<div class=\"sunshine--account--login--title sunshine--modal--title\">Registrarse<\/div>\n<form method=\"post\" action=\"\" id=\"sunshine--account--signup-form\" class=\"sunshine--form--fields\">\n\t<input type=\"hidden\" id=\"sunshine_signup\" name=\"sunshine_signup\" value=\"383a666e73\" \/><input type=\"hidden\" name=\"_wp_http_referer\" value=\"\/index.php\/wp-json\/wp\/v2\/pages\/7\" \/>\t<div class=\"sunshine--form--field\">\n\t\t<label for=\"sunshine-signup-email\">Direcci\u00f3n de correo electr\u00f3nico<\/label>\n\t\t<input type=\"email\" name=\"sunshine_signup_email\" id=\"sunshine-signup-email\" required=\"required\" autocomplete=\"email\" \/>\n\t<\/div>\n\t<div class=\"sunshine--form--field\">\n\t\t<label for=\"sunshine-signup-password\">Contrase\u00f1a <\/label>\n\t\t<input type=\"password\" name=\"sunshine_signup_password\" id=\"sunshine-signup-password\" autocomplete=\"new-password\" required=\"required\" \/>\n\t<\/div>\n\t<div class=\"sunshine--form--field sunshine--form--field-half\">\n\t\t<label for=\"sunshine-signup-first-name\">Nombre <\/label>\n\t\t<input type=\"text\" name=\"sunshine_signup_first_name\" id=\"sunshine-signup-first-name\" autocomplete=\"given-name\" \/>\n\t<\/div>\n\t<div class=\"sunshine--form--field sunshine--form--field-half\">\n\t\t<label for=\"sunshine-signup-last-name\">Apellido <\/label>\n\t\t<input type=\"text\" name=\"sunshine_signup_last_name\" id=\"sunshine-signup-last-name\" autocomplete=\"family-name\" required=\"required\" \/>\n\t<\/div>\n\t\t<div class=\"sunshine--form--field sunshine--form--field-submit\">\n\t\t<button type=\"submit\" class=\"sunshine--button\">Crear cuenta<\/button>\n\t<\/div>\n\t<\/form>\n\t<\/div>\n\t\n<\/div>\n\n","protected":false},"excerpt":{"rendered":"","protected":false},"author":1,"featured_media":0,"parent":6,"menu_order":0,"comment_status":"closed","ping_status":"closed","template":"","meta":{"footnotes":""},"class_list":["post-7","page","type-page","status-publish","hentry"],"_links":{"self":[{"href":"https:\/\/misfotos.manuelmolinafotografo.com\/index.php\/wp-json\/wp\/v2\/pages\/7","targetHints":{"allow":["GET"]}}],"collection":[{"href":"https:\/\/misfotos.manuelmolinafotografo.com\/index.php\/wp-json\/wp\/v2\/pages"}],"about":[{"href":"https:\/\/misfotos.manuelmolinafotografo.com\/index.php\/wp-json\/wp\/v2\/types\/page"}],"author":[{"embeddable":true,"href":"https:\/\/misfotos.manuelmolinafotografo.com\/index.php\/wp-json\/wp\/v2\/users\/1"}],"replies":[{"embeddable":true,"href":"https:\/\/misfotos.manuelmolinafotografo.com\/index.php\/wp-json\/wp\/v2\/comments?post=7"}],"version-history":[{"count":0,"href":"https:\/\/misfotos.manuelmolinafotografo.com\/index.php\/wp-json\/wp\/v2\/pages\/7\/revisions"}],"up":[{"embeddable":true,"href":"https:\/\/misfotos.manuelmolinafotografo.com\/index.php\/wp-json\/wp\/v2\/pages\/6"}],"wp:attachment":[{"href":"https:\/\/misfotos.manuelmolinafotografo.com\/index.php\/wp-json\/wp\/v2\/media?parent=7"}],"curies":[{"name":"wp","href":"https:\/\/api.w.org\/{rel}","templated":true}]}}